{"id":75,"date":"2021-02-26T09:19:12","date_gmt":"2021-02-26T08:19:12","guid":{"rendered":"http:\/\/www.forium.de\/company\/?page_id=75"},"modified":"2024-09-26T10:37:48","modified_gmt":"2024-09-26T08:37:48","slug":"impressum","status":"publish","type":"page","link":"https:\/\/www.forium.net\/company\/impressum\/","title":{"rendered":"Impressum"},"content":{"rendered":"<p>forium GmbH<br \/>\nKantstra\u00dfe 13<br \/>\n10623 Berlin<br \/>\nDeutschland<\/p>\n<p>Telefon: (030) 42 02 46 40<br \/>\nE-Mail-Adresse: <a href=\"mailto:info@forium.de\">info@forium.de<\/a><\/p>\n<p>Gesch\u00e4ftsf\u00fchrer: Felix Bodeewes, Leander Bretschger<br \/>\nHandelsregister: Amtsgericht Berlin (Charlottenburg), HRB 74178<\/p>\n<p>USt-IdNr.: DE 207937630<\/p>\n<p><strong>Verantwortlich gem\u00e4\u00df \u00a7 18 MStV:<\/strong><br \/>\nLeander Bretschger<br \/>\nKantstra\u00dfe 13<br \/>\n10623 Berlin<\/p>\n<hr \/>\n<h4>Informationspflichten gem\u00e4\u00df Art. 14 ODR-VO, \u00a7 36 VSBG<\/h4>\n<p>Die Europ\u00e4ische Kommission stellt eine Plattform zur Online-Streitbeilegung (OS) bereit, die Sie hier finden <a href=\"https:\/\/ec.europa.eu\/consumers\/odr\/\" target=\"_blank\" rel=\"noopener\">https:\/\/ec.europa.eu\/consumers\/odr\/<\/a>. Zur Teilnahme an einem Streitbeilegungsverfahren vor einer Verbraucherschlichtungsstelle sind wir nicht verpflichtet und nicht bereit<\/p>\n<hr \/>\n<h4>Rechtliche Anmerkungen<\/h4>\n<p>Eine Haftung f\u00fcr die Richtigkeit der Ver\u00f6ffentlichungen kann trotz sorgf\u00e4ltiger Recherche durch die Redaktion nicht \u00fcbernommen werden. Kein Teil dieser Publikation darf ohne eine ausdr\u00fcckliche schriftliche Genehmigung der forium GmbH in irgendeiner Form reproduziert oder unter Verwendung elektronischer Systeme verarbeitet, vervielf\u00e4ltigt oder verbreitet werden. Eine kommerzielle Nutzung der Publikation ist ausdr\u00fccklich nicht gestattet. F\u00fcr unverlangt eingesandte Manuskripte wird keine Haftung \u00fcbernommen.<\/p>\n<hr \/>\n<h4>Marken<\/h4>\n<p>forium ist eine beim Deutschen Patent- und Markenamt eingetragene Wortmarke der forium GmbH, Berlin. (Registriernummer 39972689.6)<\/p>\n","protected":false},"excerpt":{"rendered":"<p>forium GmbH Kantstra\u00dfe 13 10623 Berlin Deutschland Telefon: (030) 42 02 46 40 E-Mail-Adresse: info@forium.de Gesch\u00e4ftsf\u00fchrer: Felix Bodeewes, Leander Bretschger Handelsregister: Amtsgericht Berlin (Charlottenburg), HRB 74178 USt-IdNr.: DE 207937630 Verantwortlich gem\u00e4\u00df \u00a7 18 MStV: Leander Bretschger Kantstra\u00dfe 13 10623 Berlin Informationspflichten gem\u00e4\u00df Art. 14 ODR-VO, \u00a7 36 VSBG Die Europ\u00e4ische Kommission stellt eine Plattform zur&hellip;&nbsp;<a href=\"https:\/\/www.forium.net\/company\/impressum\/\" rel=\"bookmark\">Weiterlesen &raquo;<span class=\"screen-reader-text\">Impressum<\/span><\/a><\/p>\n","protected":false},"author":117,"featured_media":0,"parent":0,"menu_order":0,"comment_status":"closed","ping_status":"closed","template":"no_sidebars_page.php","meta":{"neve_meta_sidebar":"","neve_meta_container":"","neve_meta_enable_content_width":"off","neve_meta_content_width":70,"neve_meta_title_alignment":"","neve_meta_author_avatar":"","neve_post_elements_order":"","neve_meta_disable_header":"","neve_meta_disable_footer":"","neve_meta_disable_title":"","footnotes":""},"class_list":["post-75","page","type-page","status-publish","hentry"],"yoast_head":"<!-- This site is optimized with the Yoast SEO plugin v27.3 - https:\/\/yoast.com\/product\/yoast-seo-wordpress\/ -->\n<title>Impressum - forium GmbH<\/title>\n<meta name=\"robots\" content=\"index, follow, max-snippet:-1, max-image-preview:large, max-video-preview:-1\" \/>\n<link rel=\"canonical\" href=\"https:\/\/www.forium.net\/company\/impressum\/\" \/>\n<meta property=\"og:locale\" content=\"de_DE\" \/>\n<meta property=\"og:type\" content=\"article\" \/>\n<meta property=\"og:title\" content=\"Impressum - forium GmbH\" \/>\n<meta property=\"og:description\" content=\"forium GmbH Kantstra\u00dfe 13 10623 Berlin Deutschland Telefon: (030) 42 02 46 40 E-Mail-Adresse: info@forium.de Gesch\u00e4ftsf\u00fchrer: Felix Bodeewes, Leander Bretschger Handelsregister: Amtsgericht Berlin (Charlottenburg), HRB 74178 USt-IdNr.: DE 207937630 Verantwortlich gem\u00e4\u00df \u00a7 18 MStV: Leander Bretschger Kantstra\u00dfe 13 10623 Berlin Informationspflichten gem\u00e4\u00df Art. 14 ODR-VO, \u00a7 36 VSBG Die Europ\u00e4ische Kommission stellt eine Plattform zur&hellip;&nbsp;Weiterlesen &raquo;Impressum\" \/>\n<meta property=\"og:url\" content=\"https:\/\/www.forium.net\/company\/impressum\/\" \/>\n<meta property=\"og:site_name\" content=\"forium GmbH\" \/>\n<meta property=\"article:modified_time\" content=\"2024-09-26T08:37:48+00:00\" \/>\n<meta name=\"twitter:card\" content=\"summary_large_image\" \/>\n<meta name=\"twitter:label1\" content=\"Gesch\u00e4tzte Lesezeit\" \/>\n\t<meta name=\"twitter:data1\" content=\"1\u00a0Minute\" \/>\n<script type=\"application\/ld+json\" class=\"yoast-schema-graph\">{\"@context\":\"https:\\\/\\\/schema.org\",\"@graph\":[{\"@type\":\"WebPage\",\"@id\":\"https:\\\/\\\/www.forium.net\\\/company\\\/impressum\\\/\",\"url\":\"https:\\\/\\\/www.forium.net\\\/company\\\/impressum\\\/\",\"name\":\"Impressum - forium GmbH\",\"isPartOf\":{\"@id\":\"https:\\\/\\\/www.forium.net\\\/company\\\/#website\"},\"datePublished\":\"2021-02-26T08:19:12+00:00\",\"dateModified\":\"2024-09-26T08:37:48+00:00\",\"breadcrumb\":{\"@id\":\"https:\\\/\\\/www.forium.net\\\/company\\\/impressum\\\/#breadcrumb\"},\"inLanguage\":\"de\",\"potentialAction\":[{\"@type\":\"ReadAction\",\"target\":[\"https:\\\/\\\/www.forium.net\\\/company\\\/impressum\\\/\"]}]},{\"@type\":\"BreadcrumbList\",\"@id\":\"https:\\\/\\\/www.forium.net\\\/company\\\/impressum\\\/#breadcrumb\",\"itemListElement\":[{\"@type\":\"ListItem\",\"position\":1,\"name\":\"Startseite\",\"item\":\"https:\\\/\\\/www.forium.net\\\/company\\\/\"},{\"@type\":\"ListItem\",\"position\":2,\"name\":\"Impressum\"}]},{\"@type\":\"WebSite\",\"@id\":\"https:\\\/\\\/www.forium.net\\\/company\\\/#website\",\"url\":\"https:\\\/\\\/www.forium.net\\\/company\\\/\",\"name\":\"forium GmbH\",\"description\":\"Softwarel\u00f6sungen f\u00fcr Ihre Steuererkl\u00e4rung\",\"publisher\":{\"@id\":\"https:\\\/\\\/www.forium.net\\\/company\\\/#organization\"},\"potentialAction\":[{\"@type\":\"SearchAction\",\"target\":{\"@type\":\"EntryPoint\",\"urlTemplate\":\"https:\\\/\\\/www.forium.net\\\/company\\\/?s={search_term_string}\"},\"query-input\":{\"@type\":\"PropertyValueSpecification\",\"valueRequired\":true,\"valueName\":\"search_term_string\"}}],\"inLanguage\":\"de\"},{\"@type\":\"Organization\",\"@id\":\"https:\\\/\\\/www.forium.net\\\/company\\\/#organization\",\"name\":\"forium GmbH\",\"url\":\"https:\\\/\\\/www.forium.net\\\/company\\\/\",\"logo\":{\"@type\":\"ImageObject\",\"inLanguage\":\"de\",\"@id\":\"https:\\\/\\\/www.forium.net\\\/company\\\/#\\\/schema\\\/logo\\\/image\\\/\",\"url\":\"https:\\\/\\\/www.forium.net\\\/company\\\/wp-content\\\/uploads\\\/sites\\\/27\\\/2021\\\/03\\\/forium_logo_800.png\",\"contentUrl\":\"https:\\\/\\\/www.forium.net\\\/company\\\/wp-content\\\/uploads\\\/sites\\\/27\\\/2021\\\/03\\\/forium_logo_800.png\",\"width\":800,\"height\":229,\"caption\":\"forium GmbH\"},\"image\":{\"@id\":\"https:\\\/\\\/www.forium.net\\\/company\\\/#\\\/schema\\\/logo\\\/image\\\/\"}}]}<\/script>\n<!-- \/ Yoast SEO plugin. -->","yoast_head_json":{"title":"Impressum - forium GmbH","robots":{"index":"index","follow":"follow","max-snippet":"max-snippet:-1","max-image-preview":"max-image-preview:large","max-video-preview":"max-video-preview:-1"},"canonical":"https:\/\/www.forium.net\/company\/impressum\/","og_locale":"de_DE","og_type":"article","og_title":"Impressum - forium GmbH","og_description":"forium GmbH Kantstra\u00dfe 13 10623 Berlin Deutschland Telefon: (030) 42 02 46 40 E-Mail-Adresse: info@forium.de Gesch\u00e4ftsf\u00fchrer: Felix Bodeewes, Leander Bretschger Handelsregister: Amtsgericht Berlin (Charlottenburg), HRB 74178 USt-IdNr.: DE 207937630 Verantwortlich gem\u00e4\u00df \u00a7 18 MStV: Leander Bretschger Kantstra\u00dfe 13 10623 Berlin Informationspflichten gem\u00e4\u00df Art. 14 ODR-VO, \u00a7 36 VSBG Die Europ\u00e4ische Kommission stellt eine Plattform zur&hellip;&nbsp;Weiterlesen &raquo;Impressum","og_url":"https:\/\/www.forium.net\/company\/impressum\/","og_site_name":"forium GmbH","article_modified_time":"2024-09-26T08:37:48+00:00","twitter_card":"summary_large_image","twitter_misc":{"Gesch\u00e4tzte Lesezeit":"1\u00a0Minute"},"schema":{"@context":"https:\/\/schema.org","@graph":[{"@type":"WebPage","@id":"https:\/\/www.forium.net\/company\/impressum\/","url":"https:\/\/www.forium.net\/company\/impressum\/","name":"Impressum - forium GmbH","isPartOf":{"@id":"https:\/\/www.forium.net\/company\/#website"},"datePublished":"2021-02-26T08:19:12+00:00","dateModified":"2024-09-26T08:37:48+00:00","breadcrumb":{"@id":"https:\/\/www.forium.net\/company\/impressum\/#breadcrumb"},"inLanguage":"de","potentialAction":[{"@type":"ReadAction","target":["https:\/\/www.forium.net\/company\/impressum\/"]}]},{"@type":"BreadcrumbList","@id":"https:\/\/www.forium.net\/company\/impressum\/#breadcrumb","itemListElement":[{"@type":"ListItem","position":1,"name":"Startseite","item":"https:\/\/www.forium.net\/company\/"},{"@type":"ListItem","position":2,"name":"Impressum"}]},{"@type":"WebSite","@id":"https:\/\/www.forium.net\/company\/#website","url":"https:\/\/www.forium.net\/company\/","name":"forium GmbH","description":"Softwarel\u00f6sungen f\u00fcr Ihre Steuererkl\u00e4rung","publisher":{"@id":"https:\/\/www.forium.net\/company\/#organization"},"potentialAction":[{"@type":"SearchAction","target":{"@type":"EntryPoint","urlTemplate":"https:\/\/www.forium.net\/company\/?s={search_term_string}"},"query-input":{"@type":"PropertyValueSpecification","valueRequired":true,"valueName":"search_term_string"}}],"inLanguage":"de"},{"@type":"Organization","@id":"https:\/\/www.forium.net\/company\/#organization","name":"forium GmbH","url":"https:\/\/www.forium.net\/company\/","logo":{"@type":"ImageObject","inLanguage":"de","@id":"https:\/\/www.forium.net\/company\/#\/schema\/logo\/image\/","url":"https:\/\/www.forium.net\/company\/wp-content\/uploads\/sites\/27\/2021\/03\/forium_logo_800.png","contentUrl":"https:\/\/www.forium.net\/company\/wp-content\/uploads\/sites\/27\/2021\/03\/forium_logo_800.png","width":800,"height":229,"caption":"forium GmbH"},"image":{"@id":"https:\/\/www.forium.net\/company\/#\/schema\/logo\/image\/"}}]}},"amp_enabled":true,"_links":{"self":[{"href":"https:\/\/www.forium.net\/company\/wp-json\/wp\/v2\/pages\/75","targetHints":{"allow":["GET"]}}],"collection":[{"href":"https:\/\/www.forium.net\/company\/wp-json\/wp\/v2\/pages"}],"about":[{"href":"https:\/\/www.forium.net\/company\/wp-json\/wp\/v2\/types\/page"}],"author":[{"embeddable":true,"href":"https:\/\/www.forium.net\/company\/wp-json\/wp\/v2\/users\/117"}],"replies":[{"embeddable":true,"href":"https:\/\/www.forium.net\/company\/wp-json\/wp\/v2\/comments?post=75"}],"version-history":[{"count":5,"href":"https:\/\/www.forium.net\/company\/wp-json\/wp\/v2\/pages\/75\/revisions"}],"predecessor-version":[{"id":5325,"href":"https:\/\/www.forium.net\/company\/wp-json\/wp\/v2\/pages\/75\/revisions\/5325"}],"wp:attachment":[{"href":"https:\/\/www.forium.net\/company\/wp-json\/wp\/v2\/media?parent=75"}],"curies":[{"name":"wp","href":"https:\/\/api.w.org\/{rel}","templated":true}]}}