{"id":69,"date":"2021-02-26T09:18:40","date_gmt":"2021-02-26T08:18:40","guid":{"rendered":"http:\/\/www.forium.de\/company\/?page_id=69"},"modified":"2022-10-04T09:37:37","modified_gmt":"2022-10-04T07:37:37","slug":"jobs","status":"publish","type":"page","link":"https:\/\/www.forium.net\/company\/jobs\/","title":{"rendered":"Jobs"},"content":{"rendered":"<h2>Aktuelle Stellenangebote \u2013 Offene Jobs<\/h2>\n<p>Haben Sie Lust auf einen Job, bei einem f\u00fchrenden Anbieter f\u00fcr Online-Steuererkl\u00e4rungen und Finanz-Experten?<br \/>\nSie kennen jemanden, der auf der Suche nach solch einer T\u00e4tigkeit ist?<\/p>\n<p>An unserem Standort <strong>Berlin und\/oder im Home-Office<\/strong> suchen wir ab sofort<br \/>\nzur Unterst\u00fctzung unseres Teams:<\/p>\n<p>Aktuell keine offenen Stellen.<\/p>\n","protected":false},"excerpt":{"rendered":"<p>Aktuelle Stellenangebote \u2013 Offene Jobs Haben Sie Lust auf einen Job, bei einem f\u00fchrenden Anbieter f\u00fcr Online-Steuererkl\u00e4rungen und Finanz-Experten? Sie kennen jemanden, der auf der Suche nach solch einer T\u00e4tigkeit ist? An unserem Standort Berlin und\/oder im Home-Office suchen wir ab sofort zur Unterst\u00fctzung unseres Teams: Aktuell keine offenen Stellen.<\/p>\n","protected":false},"author":117,"featured_media":0,"parent":0,"menu_order":0,"comment_status":"closed","ping_status":"closed","template":"no_sidebars_page.php","meta":{"neve_meta_sidebar":"","neve_meta_container":"","neve_meta_enable_content_width":"off","neve_meta_content_width":70,"neve_meta_title_alignment":"","neve_meta_author_avatar":"","neve_post_elements_order":"","neve_meta_disable_header":"","neve_meta_disable_footer":"","neve_meta_disable_title":"","footnotes":""},"class_list":["post-69","page","type-page","status-publish","hentry"],"yoast_head":"<!-- This site is optimized with the Yoast SEO plugin v27.3 - https:\/\/yoast.com\/product\/yoast-seo-wordpress\/ -->\n<title>Jobs - forium GmbH<\/title>\n<meta name=\"robots\" content=\"index, follow, max-snippet:-1, max-image-preview:large, max-video-preview:-1\" \/>\n<link rel=\"canonical\" href=\"https:\/\/www.forium.net\/company\/jobs\/\" \/>\n<meta property=\"og:locale\" content=\"de_DE\" \/>\n<meta property=\"og:type\" content=\"article\" \/>\n<meta property=\"og:title\" content=\"Jobs - forium GmbH\" \/>\n<meta property=\"og:description\" content=\"Aktuelle Stellenangebote \u2013 Offene Jobs Haben Sie Lust auf einen Job, bei einem f\u00fchrenden Anbieter f\u00fcr Online-Steuererkl\u00e4rungen und Finanz-Experten? Sie kennen jemanden, der auf der Suche nach solch einer T\u00e4tigkeit ist? An unserem Standort Berlin und\/oder im Home-Office suchen wir ab sofort zur Unterst\u00fctzung unseres Teams: Aktuell keine offenen Stellen.\" \/>\n<meta property=\"og:url\" content=\"https:\/\/www.forium.net\/company\/jobs\/\" \/>\n<meta property=\"og:site_name\" content=\"forium GmbH\" \/>\n<meta property=\"article:modified_time\" content=\"2022-10-04T07:37:37+00:00\" \/>\n<meta name=\"twitter:card\" content=\"summary_large_image\" \/>\n<meta name=\"twitter:label1\" content=\"Gesch\u00e4tzte Lesezeit\" \/>\n\t<meta name=\"twitter:data1\" content=\"1\u00a0Minute\" \/>\n<script type=\"application\/ld+json\" class=\"yoast-schema-graph\">{\"@context\":\"https:\\\/\\\/schema.org\",\"@graph\":[{\"@type\":\"WebPage\",\"@id\":\"https:\\\/\\\/www.forium.net\\\/company\\\/jobs\\\/\",\"url\":\"https:\\\/\\\/www.forium.net\\\/company\\\/jobs\\\/\",\"name\":\"Jobs - forium GmbH\",\"isPartOf\":{\"@id\":\"https:\\\/\\\/www.forium.net\\\/company\\\/#website\"},\"datePublished\":\"2021-02-26T08:18:40+00:00\",\"dateModified\":\"2022-10-04T07:37:37+00:00\",\"breadcrumb\":{\"@id\":\"https:\\\/\\\/www.forium.net\\\/company\\\/jobs\\\/#breadcrumb\"},\"inLanguage\":\"de\",\"potentialAction\":[{\"@type\":\"ReadAction\",\"target\":[\"https:\\\/\\\/www.forium.net\\\/company\\\/jobs\\\/\"]}]},{\"@type\":\"BreadcrumbList\",\"@id\":\"https:\\\/\\\/www.forium.net\\\/company\\\/jobs\\\/#breadcrumb\",\"itemListElement\":[{\"@type\":\"ListItem\",\"position\":1,\"name\":\"Startseite\",\"item\":\"https:\\\/\\\/www.forium.net\\\/company\\\/\"},{\"@type\":\"ListItem\",\"position\":2,\"name\":\"Jobs\"}]},{\"@type\":\"WebSite\",\"@id\":\"https:\\\/\\\/www.forium.net\\\/company\\\/#website\",\"url\":\"https:\\\/\\\/www.forium.net\\\/company\\\/\",\"name\":\"forium GmbH\",\"description\":\"Softwarel\u00f6sungen f\u00fcr Ihre Steuererkl\u00e4rung\",\"publisher\":{\"@id\":\"https:\\\/\\\/www.forium.net\\\/company\\\/#organization\"},\"potentialAction\":[{\"@type\":\"SearchAction\",\"target\":{\"@type\":\"EntryPoint\",\"urlTemplate\":\"https:\\\/\\\/www.forium.net\\\/company\\\/?s={search_term_string}\"},\"query-input\":{\"@type\":\"PropertyValueSpecification\",\"valueRequired\":true,\"valueName\":\"search_term_string\"}}],\"inLanguage\":\"de\"},{\"@type\":\"Organization\",\"@id\":\"https:\\\/\\\/www.forium.net\\\/company\\\/#organization\",\"name\":\"forium GmbH\",\"url\":\"https:\\\/\\\/www.forium.net\\\/company\\\/\",\"logo\":{\"@type\":\"ImageObject\",\"inLanguage\":\"de\",\"@id\":\"https:\\\/\\\/www.forium.net\\\/company\\\/#\\\/schema\\\/logo\\\/image\\\/\",\"url\":\"https:\\\/\\\/www.forium.net\\\/company\\\/wp-content\\\/uploads\\\/sites\\\/27\\\/2021\\\/03\\\/forium_logo_800.png\",\"contentUrl\":\"https:\\\/\\\/www.forium.net\\\/company\\\/wp-content\\\/uploads\\\/sites\\\/27\\\/2021\\\/03\\\/forium_logo_800.png\",\"width\":800,\"height\":229,\"caption\":\"forium GmbH\"},\"image\":{\"@id\":\"https:\\\/\\\/www.forium.net\\\/company\\\/#\\\/schema\\\/logo\\\/image\\\/\"}}]}<\/script>\n<!-- \/ Yoast SEO plugin. -->","yoast_head_json":{"title":"Jobs - forium GmbH","robots":{"index":"index","follow":"follow","max-snippet":"max-snippet:-1","max-image-preview":"max-image-preview:large","max-video-preview":"max-video-preview:-1"},"canonical":"https:\/\/www.forium.net\/company\/jobs\/","og_locale":"de_DE","og_type":"article","og_title":"Jobs - forium GmbH","og_description":"Aktuelle Stellenangebote \u2013 Offene Jobs Haben Sie Lust auf einen Job, bei einem f\u00fchrenden Anbieter f\u00fcr Online-Steuererkl\u00e4rungen und Finanz-Experten? Sie kennen jemanden, der auf der Suche nach solch einer T\u00e4tigkeit ist? An unserem Standort Berlin und\/oder im Home-Office suchen wir ab sofort zur Unterst\u00fctzung unseres Teams: Aktuell keine offenen Stellen.","og_url":"https:\/\/www.forium.net\/company\/jobs\/","og_site_name":"forium GmbH","article_modified_time":"2022-10-04T07:37:37+00:00","twitter_card":"summary_large_image","twitter_misc":{"Gesch\u00e4tzte Lesezeit":"1\u00a0Minute"},"schema":{"@context":"https:\/\/schema.org","@graph":[{"@type":"WebPage","@id":"https:\/\/www.forium.net\/company\/jobs\/","url":"https:\/\/www.forium.net\/company\/jobs\/","name":"Jobs - forium GmbH","isPartOf":{"@id":"https:\/\/www.forium.net\/company\/#website"},"datePublished":"2021-02-26T08:18:40+00:00","dateModified":"2022-10-04T07:37:37+00:00","breadcrumb":{"@id":"https:\/\/www.forium.net\/company\/jobs\/#breadcrumb"},"inLanguage":"de","potentialAction":[{"@type":"ReadAction","target":["https:\/\/www.forium.net\/company\/jobs\/"]}]},{"@type":"BreadcrumbList","@id":"https:\/\/www.forium.net\/company\/jobs\/#breadcrumb","itemListElement":[{"@type":"ListItem","position":1,"name":"Startseite","item":"https:\/\/www.forium.net\/company\/"},{"@type":"ListItem","position":2,"name":"Jobs"}]},{"@type":"WebSite","@id":"https:\/\/www.forium.net\/company\/#website","url":"https:\/\/www.forium.net\/company\/","name":"forium GmbH","description":"Softwarel\u00f6sungen f\u00fcr Ihre Steuererkl\u00e4rung","publisher":{"@id":"https:\/\/www.forium.net\/company\/#organization"},"potentialAction":[{"@type":"SearchAction","target":{"@type":"EntryPoint","urlTemplate":"https:\/\/www.forium.net\/company\/?s={search_term_string}"},"query-input":{"@type":"PropertyValueSpecification","valueRequired":true,"valueName":"search_term_string"}}],"inLanguage":"de"},{"@type":"Organization","@id":"https:\/\/www.forium.net\/company\/#organization","name":"forium GmbH","url":"https:\/\/www.forium.net\/company\/","logo":{"@type":"ImageObject","inLanguage":"de","@id":"https:\/\/www.forium.net\/company\/#\/schema\/logo\/image\/","url":"https:\/\/www.forium.net\/company\/wp-content\/uploads\/sites\/27\/2021\/03\/forium_logo_800.png","contentUrl":"https:\/\/www.forium.net\/company\/wp-content\/uploads\/sites\/27\/2021\/03\/forium_logo_800.png","width":800,"height":229,"caption":"forium GmbH"},"image":{"@id":"https:\/\/www.forium.net\/company\/#\/schema\/logo\/image\/"}}]}},"amp_enabled":true,"_links":{"self":[{"href":"https:\/\/www.forium.net\/company\/wp-json\/wp\/v2\/pages\/69","targetHints":{"allow":["GET"]}}],"collection":[{"href":"https:\/\/www.forium.net\/company\/wp-json\/wp\/v2\/pages"}],"about":[{"href":"https:\/\/www.forium.net\/company\/wp-json\/wp\/v2\/types\/page"}],"author":[{"embeddable":true,"href":"https:\/\/www.forium.net\/company\/wp-json\/wp\/v2\/users\/117"}],"replies":[{"embeddable":true,"href":"https:\/\/www.forium.net\/company\/wp-json\/wp\/v2\/comments?post=69"}],"version-history":[{"count":17,"href":"https:\/\/www.forium.net\/company\/wp-json\/wp\/v2\/pages\/69\/revisions"}],"predecessor-version":[{"id":5138,"href":"https:\/\/www.forium.net\/company\/wp-json\/wp\/v2\/pages\/69\/revisions\/5138"}],"wp:attachment":[{"href":"https:\/\/www.forium.net\/company\/wp-json\/wp\/v2\/media?parent=69"}],"curies":[{"name":"wp","href":"https:\/\/api.w.org\/{rel}","templated":true}]}}